{"id":1625,"date":"2024-03-11T18:25:41","date_gmt":"2024-03-12T00:25:41","guid":{"rendered":"https:\/\/studiouno-oaxaca.com\/contact\/"},"modified":"2025-05-22T14:53:19","modified_gmt":"2025-05-22T20:53:19","slug":"contact","status":"publish","type":"page","link":"https:\/\/www.studiouno-oaxaca.com\/en\/contact\/","title":{"rendered":"Contact"},"content":{"rendered":"<p>[et_pb_section fb_built=&#8221;1&#8243; _builder_version=&#8221;4.23.4&#8243; _module_preset=&#8221;default&#8221; use_background_color_gradient=&#8221;on&#8221; background_color_gradient_type=&#8221;elliptical&#8221; background_color_gradient_stops=&#8221;rgba(255,255,255,0.75) 0%|rgba(255,255,255,0) 50%&#8221; background_color_gradient_overlays_image=&#8221;on&#8221; background_image=&#8221;https:\/\/www.studiouno-oaxaca.com\/wp-content\/uploads\/2024\/01\/MTXX_MH20230912_224858714-scaled.jpg&#8221; background_position=&#8221;bottom_center&#8221; background_vertical_offset=&#8221;26%&#8221; height=&#8221;70vh&#8221; animation_style=&#8221;fade&#8221; custom_css_main_element=&#8221;display:flex;||flex-direction:column;&#8221; global_colors_info=&#8221;{}&#8221;][\/et_pb_section][et_pb_section fb_built=&#8221;1&#8243; _builder_version=&#8221;4.23.4&#8243; _module_preset=&#8221;default&#8221; background_color=&#8221;RGBA(255,255,255,0)&#8221; custom_margin=&#8221;-8em||||false|false&#8221; custom_padding=&#8221;||0px||false|false&#8221; global_colors_info=&#8221;{}&#8221;][et_pb_row _builder_version=&#8221;4.23.4&#8243; _module_preset=&#8221;default&#8221; background_color=&#8221;#FFFFFF&#8221; custom_padding=&#8221;||0px||false|false&#8221; animation_style=&#8221;fade&#8221; global_colors_info=&#8221;{}&#8221;][et_pb_column type=&#8221;4_4&#8243; _builder_version=&#8221;4.23.4&#8243; _module_preset=&#8221;default&#8221; global_colors_info=&#8221;{}&#8221;][et_pb_heading title=&#8221;Contact&#8221; _builder_version=&#8221;4.23.4&#8243; _module_preset=&#8221;c4ff4a80-ff1f-4085-afb4-4612ceac5aef&#8221; animation_style=&#8221;fade&#8221; animation_duration=&#8221;1200ms&#8221; global_colors_info=&#8221;{}&#8221;][\/et_pb_heading][dsm_breadcrumbs home_text=&#8221;Studio Uno&#8221; align=&#8221;center&#8221; items_bg_color=&#8221;RGBA(255,255,255,0)&#8221; items_bottom=&#8221;8px&#8221; current_bottom=&#8221;8px&#8221; _builder_version=&#8221;4.23.4&#8243; _module_preset=&#8221;default&#8221; items_font=&#8221;Anton|||on|||||&#8221; home_icon_text_color=&#8221;#6B0000&#8243; current_font=&#8221;Anton|||on|||||&#8221; global_colors_info=&#8221;{}&#8221;][\/dsm_breadcrumbs][et_pb_cta title=&#8221;Contact us at&#8221; _builder_version=&#8221;4.23.4&#8243; _module_preset=&#8221;default&#8221; background_color=&#8221;#FFFFFF&#8221; background_layout=&#8221;light&#8221; custom_margin=&#8221;||2px|||&#8221; custom_padding=&#8221;||6px|||&#8221; animation_style=&#8221;fade&#8221; global_colors_info=&#8221;{}&#8221;]<\/p>\n<p>Need more information about our services or want to submit your tracks for mixing or mastering? Use the form below to get in touch.<span class=\"Apple-converted-space\"> <\/span><\/p>\n<p>[\/et_pb_cta][\/et_pb_column][\/et_pb_row][\/et_pb_section][et_pb_section fb_built=&#8221;1&#8243; next_background_color=&#8221;#0D232D&#8221; _builder_version=&#8221;4.23.4&#8243; _module_preset=&#8221;default&#8221; top_divider_style=&#8221;arrow2&#8243; top_divider_color=&#8221;#57B3DF&#8221; top_divider_height=&#8221;25px&#8221; bottom_divider_style=&#8221;ramp2&#8243; bottom_divider_height=&#8221;49px&#8221; global_colors_info=&#8221;{}&#8221;][et_pb_row column_structure=&#8221;1_2,1_2&#8243; _builder_version=&#8221;4.23.4&#8243; _module_preset=&#8221;eddd36e9-dda0-4eb6-a6b5-39b91e7b9813&#8243; max_width=&#8221;90%&#8221; animation_style=&#8221;fade&#8221; animation_duration=&#8221;1200ms&#8221; global_colors_info=&#8221;{}&#8221;][et_pb_column type=&#8221;1_2&#8243; _builder_version=&#8221;4.23.4&#8243; _module_preset=&#8221;default&#8221; global_colors_info=&#8221;{}&#8221;][et_pb_text _builder_version=&#8221;4.23.4&#8243; _module_preset=&#8221;default&#8221; text_font_size=&#8221;20px&#8221; text_orientation=&#8221;center&#8221; custom_margin=&#8221;||15px||false|false&#8221; global_colors_info=&#8221;{}&#8221;]<\/p>\n<h3>How to send your tracks<\/h3>\n<p>[\/et_pb_text][et_pb_slider _builder_version=&#8221;4.23.4&#8243; _module_preset=&#8221;default&#8221; custom_padding=&#8221;21px||18px|||&#8221; global_colors_info=&#8221;{}&#8221;][et_pb_slide heading=&#8221;Mixing &#8221; _builder_version=&#8221;4.23.4&#8243; _module_preset=&#8221;default&#8221; body_line_height=&#8221;1.4em&#8221; global_colors_info=&#8221;{}&#8221; sticky_transition=&#8221;on&#8221;]<\/p>\n<h6 class=\"p1\">from 2300 in Sala B \/ from 4000 in Sala A<\/h6>\n<p class=\"p1\">Gather your numbered and named tracks in a .zip file, the tracks must be .wav 44.1 or 48 at 24bits. In your message don&#8217;t forget to tell us everything you consider can help us to better understand your needs, some references are required and welcome.<br \/>We will contact you as soon as possible with our considerations and proposals.<\/p>\n<p>[\/et_pb_slide][\/et_pb_slider][et_pb_slider _builder_version=&#8221;4.23.4&#8243; _module_preset=&#8221;default&#8221; custom_padding=&#8221;24px||18px|||&#8221; global_colors_info=&#8221;{}&#8221;][et_pb_slide heading=&#8221;Mastering&#8221; _builder_version=&#8221;4.23.4&#8243; _module_preset=&#8221;default&#8221; body_line_height=&#8221;1.4em&#8221; global_colors_info=&#8221;{}&#8221; sticky_transition=&#8221;on&#8221;]<\/p>\n<h6 class=\"p1\">1150 MXN<\/h6>\n<p class=\"p1\">Send your stereo mix .wav, make sure you have disabled your limiters, comment in your message about your requirements and references.<br \/>We will contact you shortly with the first version.<\/p>\n<p>[\/et_pb_slide][\/et_pb_slider][et_pb_slider _builder_version=&#8221;4.23.4&#8243; _module_preset=&#8221;default&#8221; custom_padding=&#8221;25px||25px|||&#8221; global_colors_info=&#8221;{}&#8221;][et_pb_slide heading=&#8221;Mastering With Stems&#8221; _builder_version=&#8221;4.23.4&#8243; _module_preset=&#8221;default&#8221; body_line_height=&#8221;1.4em&#8221; global_colors_info=&#8221;{}&#8221; sticky_transition=&#8221;on&#8221;]<\/p>\n<h6 class=\"p1\">1700 MXN<\/h6>\n<p class=\"p1\">Send the stereo stems of your mix should be .wav 44.1 or 48 at 24bits, make sure you have deactivated your limiters, In your message do not forget to tell us anything that you consider can help us to better understand your needs, some references are welcome.<span class=\"Apple-converted-space\"> <\/span><\/p>\n<p class=\"p1\">We will contact you shortly with the first version.<\/p>\n<p>[\/et_pb_slide][\/et_pb_slider][\/et_pb_column][et_pb_column type=&#8221;1_2&#8243; _builder_version=&#8221;4.23.4&#8243; _module_preset=&#8221;default&#8221; global_colors_info=&#8221;{}&#8221;][et_pb_contact_form use_spam_service=&#8221;on&#8221; recaptcha_list=&#8221;Studio Uno Recaptcha|Studio Uno Recaptcha-0&#8243; email=&#8221;info@studiouno-oaxaca.com&#8221; title=&#8221;Contact&#8221; success_message=&#8221;&lt;p style=&quot;%22text-align:&quot; center=&quot;&quot;&gt;Thank you for contacting us. We will get back to you within 24-48 hours.&lt;\/p&gt;&#8221; submit_button_text=&#8221;Send to&#8221; admin_label=&#8221;Contact-Estudio&#8221; _builder_version=&#8221;4.23.4&#8243; _dynamic_attributes=&#8221;custom_message_richtext,confirmation_message_richtext&#8221; _module_preset=&#8221;bd9167dc-6cf2-42d6-8a9d-c3b626217458&#8243; _unique_id=&#8221;Contact-Estudio&#8221; background_color=&#8221;RGBA(255,255,255,0)&#8221; custom_padding=&#8221;23px|2vw|0px|2vw|false|true&#8221; animation_style=&#8221;fade&#8221; use_custom_message_richtext=&#8221;on&#8221; custom_message_richtext=&#8221;@ET-DC@eyJkeW5hbWljIjp0cnVlLCJjb250ZW50IjoicHdoX2RjZmhfZW1haWxfdGVtcGxhdGVfcHdoX2RjZmhfZW1haWxfdHBsX2NvbnRhY3Rmb3JtYWRtaW5lbWFpbCIsInNldHRpbmdzIjp7ImJlZm9yZSI6Iltwd2hfZGNmaF9lbWFpbF90ZW1wbGF0ZSB0cGxfaWQ9J19wd2hfZGNmaF9lbWFpbF90cGxfY29udGFjdGZvcm1hZG1pbmVtYWlsJ10iLCJlbmFibGVfaHRtbCI6Im9mZiJ9fQ==@&#8221; admin_email_subject=&#8221;Mensaje del sitio web de Studio Uno&#8221; admin_email_from_name=&#8221;Studio Uno Website&#8221; admin_email_bcc=&#8221;nicolamina@gmail.com, emiliano@unowebdesign.com&#8221; confirmation_email_field_id=&#8221;email&#8221; confirmation_message_richtext=&#8221;@ET-DC@eyJkeW5hbWljIjp0cnVlLCJjb250ZW50IjoicHdoX2RjZmhfZW1haWxfdGVtcGxhdGVfcHdoX2RjZmhfZW1haWxfdHBsX2NvbmZpcm1hdGlvbmVtYWlsdGVtcGxhdGUiLCJzZXR0aW5ncyI6eyJiZWZvcmUiOiJbcHdoX2RjZmhfZW1haWxfdGVtcGxhdGUgdHBsX2lkPSdfcHdoX2RjZmhfZW1haWxfdHBsX2NvbmZpcm1hdGlvbmVtYWlsdGVtcGxhdGUnXSIsImVuYWJsZV9odG1sIjoib2ZmIn19@&#8221; submit_button_wait_text=&#8221;Enviando&#8230;&#8221; use_honeypot=&#8221;on&#8221; box_shadow_style=&#8221;preset3&#8243; box_shadow_vertical=&#8221;8px&#8221; box_shadow_blur=&#8221;8px&#8221; global_module=&#8221;1803&#8243; saved_tabs=&#8221;all&#8221; global_colors_info=&#8221;{}&#8221;][et_pb_contact_field field_id=&#8221;servicios&#8221; field_title=&#8221;Select the required service&#8221; field_type=&#8221;select&#8221; select_options=&#8221;%91{%22value%22:%22Grabaci\u00f3n%22,%22checked%22:0,%22dragID%22:-1},{%22value%22:%22Mezcla%22,%22checked%22:0,%22dragID%22:0},{%22value%22:%22Master%22,%22checked%22:0,%22dragID%22:1},{%22value%22:%22Produccion%22,%22checked%22:0,%22dragID%22:2},{%22value%22:%22Consulta%22,%22checked%22:0,%22dragID%22:3}%93&#8243; fullwidth_field=&#8221;on&#8221; _builder_version=&#8221;4.23.4&#8243; _module_preset=&#8221;default&#8221; use_field_label=&#8221;on&#8221; field_placeholder=&#8221;Select an option&#8221; field_description_location=&#8221;above&#8221; global_colors_info=&#8221;{}&#8221;][\/et_pb_contact_field][et_pb_contact_field field_id=&#8221;files&#8221; field_title=&#8221;Files&#8221; fullwidth_field=&#8221;on&#8221; conditional_logic=&#8221;on&#8221; conditional_logic_rules=&#8221;%91{%22field%22:%22servicios%22,%22condition%22:%22is%22,%22value%22:%22Mezcla%22},{%22field%22:%22servicios%22,%22condition%22:%22is%22,%22value%22:%22Master%22}%93&#8243; _builder_version=&#8221;4.23.4&#8243; _module_preset=&#8221;default&#8221; display_conditions=&#8221;W10=&#8221; field_placeholder=&#8221;files&#8221; field_description=&#8221;Send us your tracks&#8221; field_description_location=&#8221;above&#8221; use_file_upload=&#8221;on&#8221; file_size=&#8221;5120000&#8243; file_mime=&#8221;off|off|off|off|off|off|off|off|off|off|off|off|off|off|off|off|off|off|off|off|off|off|off|off|off|off|off|off|off|off|off|off|off|off|off|on|off|off|off|off|off|off|off|off|off|off|off|on|off|off|off|off|off|off|off|off|off|off|off|off|off|off|off|off|off|off|off|off|off|off|off|off|off|off|off|off|off|off|off|off|off|off|off|off|off|off|off|off|off|off|off|off|off|off|off&#8221; global_colors_info=&#8221;{}&#8221;][\/et_pb_contact_field][et_pb_contact_field field_id=&#8221;Fecha&#8221; field_title=&#8221;Date&#8221; required_mark=&#8221;off&#8221; fullwidth_field=&#8221;on&#8221; conditional_logic=&#8221;on&#8221; conditional_logic_rules=&#8221;%91{%22field%22:%22servicios%22,%22condition%22:%22is%22,%22value%22:%22Grabaci\u00f3n%22}%93&#8243; _builder_version=&#8221;4.23.4&#8243; _module_preset=&#8221;default&#8221; use_field_label=&#8221;on&#8221; field_description=&#8221;What&#039;s the approx. date for your recording?&#8221; field_description_location=&#8221;above&#8221; use_datetime=&#8221;on&#8221; datetime_type=&#8221;date&#8221; date_format=&#8221;Y\/m\/d&#8221; custom_date_format=&#8221;d\/m\/Y&#8221; datetime_disabled_past_days=&#8221;on&#8221; datetime_disabled_current_date=&#8221;on&#8221; global_colors_info=&#8221;{}&#8221;][\/et_pb_contact_field][et_pb_contact_field field_id=&#8221;Numero_de_dias&#8221; field_title=&#8221;Number of days&#8221; field_type=&#8221;select&#8221; select_options=&#8221;%91{%22value%22:%221%22,%22checked%22:1,%22dragID%22:-1},{%22value%22:%222%22,%22checked%22:0,%22dragID%22:0},{%22value%22:%223%22,%22checked%22:0,%22dragID%22:1},{%22value%22:%224%22,%22checked%22:0,%22dragID%22:2},{%22value%22:%225%22,%22checked%22:0,%22dragID%22:3},{%22value%22:%226%22,%22checked%22:0,%22dragID%22:4},{%22value%22:%227%22,%22checked%22:0,%22dragID%22:5},{%22value%22:%228%22,%22checked%22:0,%22dragID%22:6},{%22value%22:%229%22,%22checked%22:0,%22dragID%22:7},{%22value%22:%2210%22,%22checked%22:0,%22dragID%22:8},{%22value%22:%22mas de 10%22,%22checked%22:0,%22dragID%22:9}%93&#8243; required_mark=&#8221;off&#8221; fullwidth_field=&#8221;on&#8221; conditional_logic=&#8221;on&#8221; conditional_logic_rules=&#8221;%91{%22field%22:%22servicios%22,%22condition%22:%22is%22,%22value%22:%22Grabaci\u00f3n%22}%93&#8243; _builder_version=&#8221;4.23.4&#8243; _module_preset=&#8221;default&#8221; field_description=&#8221;How many days do you need in the studio?&#8221; field_description_location=&#8221;above&#8221; global_colors_info=&#8221;{}&#8221;][\/et_pb_contact_field][et_pb_contact_field field_id=&#8221;name&#8221; field_title=&#8221;Name&#8221; fullwidth_field=&#8221;on&#8221; _builder_version=&#8221;4.23.4&#8243; global_colors_info=&#8221;{}&#8221; button_text_size__hover_enabled=&#8221;off&#8221; button_one_text_size__hover_enabled=&#8221;off&#8221; button_two_text_size__hover_enabled=&#8221;off&#8221; button_text_color__hover_enabled=&#8221;off&#8221; button_one_text_color__hover_enabled=&#8221;off&#8221; button_two_text_color__hover_enabled=&#8221;off&#8221; button_border_width__hover_enabled=&#8221;off&#8221; button_one_border_width__hover_enabled=&#8221;off&#8221; button_two_border_width__hover_enabled=&#8221;off&#8221; button_border_color__hover_enabled=&#8221;off&#8221; button_one_border_color__hover_enabled=&#8221;off&#8221; button_two_border_color__hover_enabled=&#8221;off&#8221; button_border_radius__hover_enabled=&#8221;off&#8221; button_one_border_radius__hover_enabled=&#8221;off&#8221; button_two_border_radius__hover_enabled=&#8221;off&#8221; button_letter_spacing__hover_enabled=&#8221;off&#8221; button_one_letter_spacing__hover_enabled=&#8221;off&#8221; button_two_letter_spacing__hover_enabled=&#8221;off&#8221; button_bg_color__hover_enabled=&#8221;off&#8221; button_one_bg_color__hover_enabled=&#8221;off&#8221; button_two_bg_color__hover_enabled=&#8221;off&#8221;][\/et_pb_contact_field][et_pb_contact_field field_id=&#8221;email&#8221; field_title=&#8221;Email&#8221; field_type=&#8221;email&#8221; fullwidth_field=&#8221;on&#8221; _builder_version=&#8221;4.23.4&#8243; global_colors_info=&#8221;{}&#8221; button_text_size__hover_enabled=&#8221;off&#8221; button_one_text_size__hover_enabled=&#8221;off&#8221; button_two_text_size__hover_enabled=&#8221;off&#8221; button_text_color__hover_enabled=&#8221;off&#8221; button_one_text_color__hover_enabled=&#8221;off&#8221; button_two_text_color__hover_enabled=&#8221;off&#8221; button_border_width__hover_enabled=&#8221;off&#8221; button_one_border_width__hover_enabled=&#8221;off&#8221; button_two_border_width__hover_enabled=&#8221;off&#8221; button_border_color__hover_enabled=&#8221;off&#8221; button_one_border_color__hover_enabled=&#8221;off&#8221; button_two_border_color__hover_enabled=&#8221;off&#8221; button_border_radius__hover_enabled=&#8221;off&#8221; button_one_border_radius__hover_enabled=&#8221;off&#8221; button_two_border_radius__hover_enabled=&#8221;off&#8221; button_letter_spacing__hover_enabled=&#8221;off&#8221; button_one_letter_spacing__hover_enabled=&#8221;off&#8221; button_two_letter_spacing__hover_enabled=&#8221;off&#8221; button_bg_color__hover_enabled=&#8221;off&#8221; button_one_bg_color__hover_enabled=&#8221;off&#8221; button_two_bg_color__hover_enabled=&#8221;off&#8221;][\/et_pb_contact_field][et_pb_contact_field field_id=&#8221;phone&#8221; field_title=&#8221;Telephone number&#8221; fullwidth_field=&#8221;on&#8221; _builder_version=&#8221;4.23.4&#8243; _module_preset=&#8221;default&#8221; global_colors_info=&#8221;{}&#8221;][\/et_pb_contact_field][et_pb_contact_field field_id=&#8221;message&#8221; field_title=&#8221;Message&#8221; field_type=&#8221;text&#8221; fullwidth_field=&#8221;on&#8221; _builder_version=&#8221;4.23.4&#8243; _module_preset=&#8221;default&#8221; global_colors_info=&#8221;{}&#8221;][\/et_pb_contact_field][\/et_pb_contact_form][\/et_pb_column][\/et_pb_row][et_pb_row _builder_version=&#8221;4.23.4&#8243; _module_preset=&#8221;default&#8221; width=&#8221;90%&#8221; max_width=&#8221;90%&#8221; custom_margin=&#8221;19px|auto||auto||&#8221; global_colors_info=&#8221;{}&#8221;][et_pb_column type=&#8221;4_4&#8243; _builder_version=&#8221;4.23.4&#8243; _module_preset=&#8221;default&#8221; global_colors_info=&#8221;{}&#8221;][et_pb_heading title=&#8221;Credits&#8221; _builder_version=&#8221;4.23.4&#8243; _module_preset=&#8221;default&#8221; title_text_align=&#8221;center&#8221; title_text_color=&#8221;#AE8F73&#8243; title_font_size=&#8221;40px&#8221; animation_style=&#8221;fade&#8221; global_colors_info=&#8221;{}&#8221;][\/et_pb_heading][et_pb_text _builder_version=&#8221;4.23.4&#8243; _module_preset=&#8221;default&#8221; text_text_color=&#8221;#AE8F73&#8243; text_font_size=&#8221;22px&#8221; text_line_height=&#8221;1.8em&#8221; header_text_align=&#8221;center&#8221; text_orientation=&#8221;center&#8221; animation_style=&#8221;fade&#8221; animation_delay=&#8221;200ms&#8221; global_colors_info=&#8221;{}&#8221;]<\/p>\n<p><strong>Bruno Mansur &#8211; Azul de Viena &#8211; Ayahuapu &#8211; ByT Band &#8211; Alejandra Robles &#8211; Alonso Del R\u00edo &#8211; Delfina Mun &#8211; Tan Tan Producciones &#8211; Yalitza Aparicio &#8211; Kevin Cruz Franco &#8211; Kelsey Lu &#8211; Martha Toledo &#8211; Brixton Sound &#8211; Duo Vecino &#8211; Azul Terrier Producciones &#8211; Nicola Mina &#8211; Libre Wave &#8211; Carolina Sonder &#8211; Amor Espinoza &#8211; Papaloteando &#8211; Altura Norte\u00f1a &#8211; Trickle Up &#8211; Caterva &#8211; Suena Barro &#8211; Alessandra Alessi\/Munay Runa &#8211; Dafne Victoria &#8211; AWARA &#8211; Soundlounge &#8211; Carlos Alfredo JR &#8211; Tenor Luis Adrian &#8211; Re-Uni\u00f3n &#8211; Paco Duran &#8211; Saule Ilona Vaida &#8211; Emilio Dur\u00e1n &#8211; Jocabed Betanzos &#8211; Soto Barragan &#8211; Jean Venegas &#8211; Jos\u00e9 &#8220;Ganso&#8221; Garc\u00eda &#8211; Cuarteto Ju\u00e1rez &#8211; Bajo Mis Manos &#8211; Mariachi de la Ciudad de Oaxaca &#8211; Paz En Las Manos &#8211; La Consentida De La Sierra &#8211; Monitor &#8211; Irving Guerrero &#8211; Xanta &#8211; Tuly &#8211; Cuahtli &#8211; Ra\u00edces Oaxaca &#8211; Los Inquebrantables Del Norte &#8211; Banda Del Sur &#8211; Paulina y El Buscapi\u00e9 &#8211; Victor Diaz Manox &#8211; Babboo &#8211; Luks russo &#8211; Jean Venegas &#8211; Jazz Matias &#8211; Pere Soto &#8211; La Chavez Special Band &#8211; Uziel Luna Ensamble Siete Machos &#8211; Los Rurales &#8211; Leukaena Roots &#8211; Bakarat Ska &#8211; Coro De La Ciudad De Oaxaca &#8211; Luca Ferraris &#8211; Eric Louis &#8211; Soul Cookies &#8211; Banda Tierra Mojada &#8211; Tlahuilotz &#8211; Eartybabes &#8211; Roberto Mendez Gopar &#8211; Bernardins &#8211; Angela Blueskies &#8211; La Ruta &#8211; Avery Nicole Ellis &#8211; Katja \u0160ulc &#8211; Kikoman &#8211; Alfredo Luna &#8211; Benz\u0113ne Par\u00eds &#8211; Caboclo &#8211; Charlie O&#8217;Brien &#8211; Silvia Mar\u00eda Z\u00fa\u00f1iga &#8211; Nierika &#8211; Armando Melchor &#8211; \u00c1ngel Zardain &#8211; Mely Gova &#8211; Banda Celosa M\u00eda &#8211; Alejandro Manfred &#8211; Pablo Novoa &#8211; Luis Santos &#8211; Lukas Zabulionis &#8211; Coro Hermanas del Divino Pastor<\/strong><\/p>\n<p>[\/et_pb_text][et_pb_text _builder_version=&#8221;4.23.4&#8243; _module_preset=&#8221;default&#8221; text_text_color=&#8221;#AE8F73&#8243; text_font_size=&#8221;22px&#8221; text_line_height=&#8221;1.8em&#8221; header_text_align=&#8221;center&#8221; text_orientation=&#8221;center&#8221; animation_style=&#8221;fade&#8221; animation_delay=&#8221;200ms&#8221; global_colors_info=&#8221;{}&#8221;]<\/p>\n<p><strong>9 nominations for the &#8220;Oidos de Oro&#8221; Awards<\/strong><\/p>\n<p>[\/et_pb_text][\/et_pb_column][\/et_pb_row][\/et_pb_section]<\/p>\n","protected":false},"excerpt":{"rendered":"<p><div class=\"et_pb_module dsm_breadcrumbs dsm_breadcrumbs_0\">\n\t\t\t\t\n\t\t\t\t\n\t\t\t\t\n\t\t\t\t\n\t\t\t\t\n\t\t\t\t\n\t\t\t\t<div class=\"et_pb_module_inner\">\n\t\t\t\t\t<nav class=\"dsm_breadcrumbs_wrap\" role=\"navigation\" itemscope=\"\" itemtype=\"http:\/\/schema.org\/SiteNavigationElement\">\n\t\t\t\t<ul class=\"dsm_breadcrumbs\">\n\t\t\t<li class='dsm_breadcrumbs_item dsm_home_item dsm_home_item_custom'>\n\t\t\t\t<a href=\"https:\/\/www.studiouno-oaxaca.com\/en\/\" itemprop=\"url\">\n\t\t\t\t\t<span class='dsm_home_text_wrapper'>\n\t\t\t\t\t\t\t\t\t\t\t\t\t<span class=\"et-pb-icon dsm_home_icon\">\ue009<\/span>\n\t\t\t\t\t\t\t\t\t\t\t\t\t<span class=\"dsm_home_text\" itemprop=\"name\">\n\t\t\t\t\t\t\t\tStudio Uno\t\t\t\t\t\t\t<\/span>\n\t\t\t\t\t<\/span>\n\t\t\t\t<\/a>\n\t\t\t<\/li>\n\n\t\t<li class=\"dsm_breadcrumbs_separator\"> <span class=\"et-pb-icon dsm_separator_icon\">5<\/span><\/li><\/ul>\n\t\t\t<\/nav>\n\t\t\t\t<\/div>\n\t\t\t<\/div>Need more information about our services or want to submit your tracks for mixing or mastering? Use the form below to get in touch. How to send your tracksfrom 2300 in Sala B \/ from 4000 in Sala A Gather your numbered and [&hellip;]<\/p>\n","protected":false},"author":1,"featured_media":0,"parent":0,"menu_order":0,"comment_status":"closed","ping_status":"closed","template":"","meta":{"_et_pb_use_builder":"on","_et_pb_old_content":"","_et_gb_content_width":"","inline_featured_image":false,"footnotes":""},"folder":[],"class_list":["post-1625","page","type-page","status-publish","hentry"],"_links":{"self":[{"href":"https:\/\/www.studiouno-oaxaca.com\/en\/wp-json\/wp\/v2\/pages\/1625","targetHints":{"allow":["GET"]}}],"collection":[{"href":"https:\/\/www.studiouno-oaxaca.com\/en\/wp-json\/wp\/v2\/pages"}],"about":[{"href":"https:\/\/www.studiouno-oaxaca.com\/en\/wp-json\/wp\/v2\/types\/page"}],"author":[{"embeddable":true,"href":"https:\/\/www.studiouno-oaxaca.com\/en\/wp-json\/wp\/v2\/users\/1"}],"replies":[{"embeddable":true,"href":"https:\/\/www.studiouno-oaxaca.com\/en\/wp-json\/wp\/v2\/comments?post=1625"}],"version-history":[{"count":23,"href":"https:\/\/www.studiouno-oaxaca.com\/en\/wp-json\/wp\/v2\/pages\/1625\/revisions"}],"predecessor-version":[{"id":2602,"href":"https:\/\/www.studiouno-oaxaca.com\/en\/wp-json\/wp\/v2\/pages\/1625\/revisions\/2602"}],"wp:attachment":[{"href":"https:\/\/www.studiouno-oaxaca.com\/en\/wp-json\/wp\/v2\/media?parent=1625"}],"wp:term":[{"taxonomy":"folder","embeddable":true,"href":"https:\/\/www.studiouno-oaxaca.com\/en\/wp-json\/wp\/v2\/folder?post=1625"}],"curies":[{"name":"wp","href":"https:\/\/api.w.org\/{rel}","templated":true}]}}